{"id":611,"date":"2022-07-30T13:35:22","date_gmt":"2022-07-30T13:35:22","guid":{"rendered":"https:\/\/doc.bora-connect.com\/vollstaendige-faq\/"},"modified":"2022-08-24T03:15:24","modified_gmt":"2022-08-24T03:15:24","slug":"vollstaendige-faq","status":"publish","type":"page","link":"https:\/\/doc.bora-connect.com\/de\/vollstaendige-faq\/","title":{"rendered":"Vollst\u00e4ndige FAQ"},"content":{"rendered":"<div class=\"bs-faq-category\"><div class=\"bs-faq-toggle\">Bora band Armband<\/div><div class=\"bs-faq-category-content\"><div class=\"bs-faq-item\"><a href=\"https:\/\/doc.bora-connect.com\/de\/kann-der-patient-eine-allergie-gegen-das-bora-band-haben\/\">Kann der Patient eine Allergie gegen das Bora band haben?<\/a><\/div><div class=\"bs-faq-item\"><a href=\"https:\/\/doc.bora-connect.com\/de\/wie-legt-man-bora-band-am-handgelenk-an\/\">Wie legt man Bora band am Handgelenk an?<\/a><\/div><div class=\"bs-faq-item\"><a href=\"https:\/\/doc.bora-connect.com\/de\/an-welchem-handgelenk-sollte-der-patient-das-armband-tragen\/\">An welchem Handgelenk sollte der Patient das Armband tragen?<\/a><\/div><div class=\"bs-faq-item\"><a href=\"https:\/\/doc.bora-connect.com\/de\/wann-sollte-man-bora-band-laden\/\">Wann sollte man Bora band laden?<\/a><\/div><div class=\"bs-faq-item\"><a href=\"https:\/\/doc.bora-connect.com\/de\/kann-der-patient-mit-bora-band-seine-sportlichen-aktivitaeten-ausueben\/\">Kann der Patient mit Bora band seine sportlichen Aktivit\u00e4ten aus\u00fcben?<\/a><\/div><div class=\"bs-faq-item\"><a href=\"https:\/\/doc.bora-connect.com\/de\/die-leds-die-sich-unter-bora-band-befinden-sind-manchmal-ausgeschaltet-ist-das-normal\/\">Die LEDs, die sich unter Bora band befinden, sind manchmal ausgeschaltet, ist das normal?<\/a><\/div><div class=\"bs-faq-item\"><a href=\"https:\/\/doc.bora-connect.com\/de\/warum-blinkt-das-armband-regelmaessig\/\">Warum blinkt das Armband regelm\u00e4\u00dfig?<\/a><\/div><div class=\"bs-faq-item\"><a href=\"https:\/\/doc.bora-connect.com\/de\/was-bedeuten-die-verschiedenen-leuchtanzeigen-auf-bora-band\/\">Was bedeuten die verschiedenen Leuchtanzeigen auf Bora band?<\/a><\/div><div class=\"bs-faq-item\"><a href=\"https:\/\/doc.bora-connect.com\/de\/das-blinken-von-bora-band-stoert-den-patienten-nachts-was-kann-ich-tun\/\">Das Blinken von Bora band st\u00f6rt den Patienten nachts, was kann ich tun?<\/a><\/div><div class=\"bs-faq-item\"><a href=\"https:\/\/doc.bora-connect.com\/de\/bora-band-blinkt-oefter-blau-als-zuvor-was-kann-ich-tun\/\">Bora band blinkt \u00f6fter blau als zuvor, was kann ich tun?<\/a><\/div><div class=\"bs-faq-item\"><a href=\"https:\/\/doc.bora-connect.com\/de\/ein-rotes-licht-leuchtet-auf-was-soll-ich-tun\/\">Ein rotes Licht leuchtet auf, was soll ich tun?<\/a><\/div><div class=\"bs-faq-item\"><a href=\"https:\/\/doc.bora-connect.com\/de\/die-leds-unter-bora-band-leuchten-aber-es-werden-keine-daten-in-der-app-hochgeladen-warum\/\">Die LEDs unter Bora band leuchten, aber es werden keine Daten in der App hochgeladen, warum?<\/a><\/div><div class=\"bs-faq-item\"><a href=\"https:\/\/doc.bora-connect.com\/de\/bora-band-wird-geladen-aber-es-hat-aufgehoert-zu-blinken-ist-das-normal\/\">Bora band wird geladen, aber es hat aufgeh\u00f6rt zu blinken. Ist das normal?<\/a><\/div><div class=\"bs-faq-item\"><a href=\"https:\/\/doc.bora-connect.com\/de\/bora-band-zeigt-beim-einschalten-eine-gruen-blinkende-led-an-ist-das-normal\/\">Bora band zeigt beim Einschalten eine gr\u00fcn blinkende LED an, ist das normal?<\/a><\/div><\/div><\/div><div class=\"bs-faq-category\"><div class=\"bs-faq-toggle\">Bora connect<\/div><div class=\"bs-faq-category-content\"><div class=\"bs-faq-item\"><a href=\"https:\/\/doc.bora-connect.com\/de\/muss-der-patient-die-bora-connect-app-regelmaessig-oeffnen\/\">Muss der Patient die Bora connect-App regelm\u00e4\u00dfig \u00f6ffnen?<\/a><\/div><div class=\"bs-faq-item\"><a href=\"https:\/\/doc.bora-connect.com\/de\/der-patient-hat-die-anwendung-bora-connect-versehentlich-geloescht-wie-kann-ich-sie-neu-installieren\/\">Der Patient hat die Anwendung Bora connect versehentlich gel\u00f6scht. Wie kann ich sie neu installieren?<\/a><\/div><div class=\"bs-faq-item\"><a href=\"https:\/\/doc.bora-connect.com\/de\/wird-die-fernueberwachung-unterbrochen-wenn-der-patient-telefonanrufe-auf-seinem-smartphone-erhaelt\/\">Wird die Fern\u00fcberwachung unterbrochen, wenn der Patient Telefonanrufe auf seinem Smartphone erh\u00e4lt?<\/a><\/div><div class=\"bs-faq-item\"><a href=\"https:\/\/doc.bora-connect.com\/de\/kann-ich-die-bora-connect-plattform-mit-unserem-computersystem-koppeln\/\">Kann ich die Bora connect-Plattform mit unserem Computersystem koppeln?<\/a><\/div><div class=\"bs-faq-item\"><a href=\"https:\/\/doc.bora-connect.com\/de\/warum-verlangt-die-bora-connect-anwendung-die-erlaubnis-auf-die-position-geolokalisierung-des-smartphones-des-patienten-zuzugreifen\/\">Warum verlangt die Bora connect-Anwendung die Erlaubnis, auf die Position\/Geolokalisierung des Smartphones des Patienten zuzugreifen?<\/a><\/div><div class=\"bs-faq-item\"><a href=\"https:\/\/doc.bora-connect.com\/de\/die-anzeige-auf-bora-connect-ist-fehlerhaft-was-kann-ich-tun\/\">Die Anzeige auf Bora connect ist fehlerhaft, was kann ich tun?<\/a><\/div><\/div><\/div><div class=\"bs-faq-category\"><div class=\"bs-faq-toggle\">Hilfe-Videos<\/div><div class=\"bs-faq-category-content\"><div class=\"bs-faq-item\"><a href=\"https:\/\/doc.bora-connect.com\/de\/desinfizieren-bora-band\/\">Desinfizieren Bora band<\/a><\/div><div class=\"bs-faq-item\"><a href=\"https:\/\/doc.bora-connect.com\/de\/das-textilarmband-von-bora-band-wechseln\/\">Das Textilarmband von Bora band wechseln<\/a><\/div><div class=\"bs-faq-item\"><a href=\"https:\/\/doc.bora-connect.com\/de\/die-leuchtanzeigen-von-bora-band-verstehen\/\">Die Leuchtanzeigen von Bora band verstehen<\/a><\/div><div class=\"bs-faq-item\"><a href=\"https:\/\/doc.bora-connect.com\/de\/bora-band-am-handgelenk-anbringen\/\">Bora band am Handgelenk anbringen<\/a><\/div><div class=\"bs-faq-item\"><a href=\"https:\/\/doc.bora-connect.com\/de\/bora-band-ein-und-ausschalten\/\">Bora band ein- und ausschalten<\/a><\/div><\/div><\/div><div class=\"bs-faq-category\"><div class=\"bs-faq-toggle\">Daten und Sicherheit<\/div><div class=\"bs-faq-category-content\"><div class=\"bs-faq-item\"><a href=\"https:\/\/doc.bora-connect.com\/de\/muss-ich-den-patienten-eine-einverstaendniserklaerung-zur-nutzung-und-verarbeitung-seiner-daten-unterschreiben-lassen\/\">Muss ich den Patienten eine Einverst\u00e4ndniserkl\u00e4rung zur Nutzung und Verarbeitung seiner Daten unterschreiben lassen?<\/a><\/div><div class=\"bs-faq-item\"><a href=\"https:\/\/doc.bora-connect.com\/de\/wer-hat-zugriff-auf-patientendaten\/\">Wer hat Zugriff auf Patientendaten?<\/a><\/div><div class=\"bs-faq-item\"><a href=\"https:\/\/doc.bora-connect.com\/de\/sind-patientendaten-geschuetzt\/\">Sind Patientendaten gesch\u00fctzt?<\/a><\/div><div class=\"bs-faq-item\"><a href=\"https:\/\/doc.bora-connect.com\/de\/es-gibt-weniger-spo2-messungen-als-bei-den-anderen-parametern-ist-das-normal\/\">Es gibt weniger SpO2-Messungen als bei den anderen Parametern, ist das normal?<\/a><\/div><div class=\"bs-faq-item\"><a href=\"https:\/\/doc.bora-connect.com\/de\/in-den-patientendaten-erscheinen-nur-die-temperatur-und-die-aktivitaet-waehrend-das-bora-band-getragen-wird-was-tun\/\">In den Patientendaten erscheinen nur die Temperatur und die Aktivit\u00e4t, w\u00e4hrend das Bora band getragen wird. Was tun?<\/a><\/div><div class=\"bs-faq-item\"><a href=\"https:\/\/doc.bora-connect.com\/de\/einige-spo2-messungen-sind-niedrig-ist-das-normal\/\">Einige SpO2-Messungen sind niedrig, ist das normal?<\/a><\/div><div class=\"bs-faq-item\"><a href=\"https:\/\/doc.bora-connect.com\/de\/es-werden-hauttemperaturdaten-angezeigt-obwohl-der-patient-kein-bora-band-traegt-ist-das-normal\/\">Es werden Hauttemperaturdaten angezeigt, obwohl der Patient kein Bora band tr\u00e4gt, ist das normal?<\/a><\/div><div class=\"bs-faq-item\"><a href=\"https:\/\/doc.bora-connect.com\/de\/warum-wird-bei-einigen-kardiorespiratorischen-parametern-nicht-alle-10-minuten-ein-messwert-angezeigt\/\">Warum wird bei einigen kardiorespiratorischen Parametern nicht alle 10 Minuten ein Messwert angezeigt?<\/a><\/div><div class=\"bs-faq-item\"><a href=\"https:\/\/doc.bora-connect.com\/de\/die-temperatur-wird-in-diagrammen-und-berichten-nicht-angezeigt-was-kann-ich-tun\/\">Die Temperatur wird in Diagrammen und Berichten nicht angezeigt, was kann ich tun?<\/a><\/div><div class=\"bs-faq-item\"><a href=\"https:\/\/doc.bora-connect.com\/de\/kann-man-eine-messung-manuell-ausloesen\/\">Kann man eine Messung manuell ausl\u00f6sen?<\/a><\/div><div class=\"bs-faq-item\"><a href=\"https:\/\/doc.bora-connect.com\/de\/wie-werden-die-daten-des-bora-bands-erfasst-und-hochgeladen\/\">Wie werden die Daten des Bora bands erfasst und hochgeladen?<\/a><\/div><\/div><\/div><div class=\"bs-faq-category\"><div class=\"bs-faq-toggle\">Installation des Bora Care-Ger\u00e4ts<\/div><div class=\"bs-faq-category-content\"><div class=\"bs-faq-item\"><a href=\"https:\/\/doc.bora-connect.com\/de\/ich-habe-meine-e-mail-zur-aktivierung-des-bora-connect-kontos-nicht-erhalten-wie-kann-ich-das-tun\/\">Ich habe meine E-Mail zur Aktivierung des Bora connect-Kontos nicht erhalten. Wie kann ich das tun?<\/a><\/div><div class=\"bs-faq-item\"><a href=\"https:\/\/doc.bora-connect.com\/de\/kann-der-patient-seine-daten-auch-auf-anderen-medien-als-seinem-smartphone-abrufen\/\">Kann der Patient seine Daten auch auf anderen Medien als seinem Smartphone abrufen?<\/a><\/div><div class=\"bs-faq-item\"><a href=\"https:\/\/doc.bora-connect.com\/de\/muss-der-patient-ein-smartphone-haben-um-bora-care-zu-benutzen\/\">Muss der Patient ein Smartphone haben, um Bora care zu benutzen?<\/a><\/div><div class=\"bs-faq-item\"><a href=\"https:\/\/doc.bora-connect.com\/de\/wie-wird-bora-care-mit-bora-box-bei-einem-patienten-installiert\/\">Wie wird Bora care (mit Bora box) bei einem Patienten installiert?<\/a><\/div><div class=\"bs-faq-item\"><a href=\"https:\/\/doc.bora-connect.com\/de\/wie-wird-bora-care-ohne-bora-box-bei-einem-patienten-installiert\/\">Wie wird Bora care (ohne Bora box) bei einem Patienten installiert?<\/a><\/div><div class=\"bs-faq-item\"><a href=\"https:\/\/doc.bora-connect.com\/de\/ich-habe-meine-e-mail-zur-aktivierung-des-bora-connect-kontos-nicht-erhalten-wie-kann-ich-das-tun-2\/\">Ich habe meine E-Mail zur Aktivierung des Bora connect-Kontos nicht erhalten. Wie kann ich das tun?<\/a><\/div><\/div><\/div><div class=\"bs-faq-category\"><div class=\"bs-faq-toggle\">Bora Box<\/div><div class=\"bs-faq-category-content\"><div class=\"bs-faq-item\"><a href=\"https:\/\/doc.bora-connect.com\/de\/muss-der-patient-die-bora-connect-app-regelmaessig-von-der-bora-box-aus-oeffnen\/\">Muss der Patient die Bora connect-App regelm\u00e4\u00dfig von der Bora-Box aus \u00f6ffnen?<\/a><\/div><div class=\"bs-faq-item\"><a href=\"https:\/\/doc.bora-connect.com\/de\/kann-ich-auf-der-bora-box-wie-auf-einem-smartphone-surfen\/\">Kann ich auf der Bora-Box wie auf einem Smartphone surfen?<\/a><\/div><\/div><\/div><div class=\"bs-faq-category\"><div class=\"bs-faq-toggle\">Unkategorisiert<\/div><div class=\"bs-faq-category-content\"><div class=\"bs-faq-item\"><a href=\"https:\/\/doc.bora-connect.com\/de\/ladegeraet-bora-band\/\">Ladeger\u00e4t Bora band<\/a><\/div><\/div><\/div>\n","protected":false},"excerpt":{"rendered":"","protected":false},"author":1,"featured_media":0,"parent":0,"menu_order":0,"comment_status":"closed","ping_status":"closed","template":"","meta":{"_kad_blocks_custom_css":"","_kad_blocks_head_custom_js":"","_kad_blocks_body_custom_js":"","_kad_blocks_footer_custom_js":"","_kad_post_transparent":"","_kad_post_title":"","_kad_post_layout":"","_kad_post_sidebar_id":"","_kad_post_content_style":"","_kad_post_vertical_padding":"","_kad_post_feature":"","_kad_post_feature_position":"","_kad_post_header":false,"_kad_post_footer":false,"_kad_post_classname":"","footnotes":""},"class_list":["post-611","page","type-page","status-publish","hentry"],"taxonomy_info":[],"featured_image_src_large":false,"author_info":{"display_name":"david.manson.contact@gmail.com","author_link":"https:\/\/doc.bora-connect.com\/de\/author\/david-manson-contactgmail-com\/"},"comment_info":"","_links":{"self":[{"href":"https:\/\/doc.bora-connect.com\/de\/wp-json\/wp\/v2\/pages\/611","targetHints":{"allow":["GET"]}}],"collection":[{"href":"https:\/\/doc.bora-connect.com\/de\/wp-json\/wp\/v2\/pages"}],"about":[{"href":"https:\/\/doc.bora-connect.com\/de\/wp-json\/wp\/v2\/types\/page"}],"author":[{"embeddable":true,"href":"https:\/\/doc.bora-connect.com\/de\/wp-json\/wp\/v2\/users\/1"}],"replies":[{"embeddable":true,"href":"https:\/\/doc.bora-connect.com\/de\/wp-json\/wp\/v2\/comments?post=611"}],"version-history":[{"count":1,"href":"https:\/\/doc.bora-connect.com\/de\/wp-json\/wp\/v2\/pages\/611\/revisions"}],"predecessor-version":[{"id":612,"href":"https:\/\/doc.bora-connect.com\/de\/wp-json\/wp\/v2\/pages\/611\/revisions\/612"}],"wp:attachment":[{"href":"https:\/\/doc.bora-connect.com\/de\/wp-json\/wp\/v2\/media?parent=611"}],"curies":[{"name":"wp","href":"https:\/\/api.w.org\/{rel}","templated":true}]}}