{"id":2059,"date":"2022-07-30T13:35:22","date_gmt":"2022-07-30T12:35:22","guid":{"rendered":"https:\/\/doc.bora-connect.com\/preguntas-mas-frecuentes\/"},"modified":"2023-04-10T09:57:32","modified_gmt":"2023-04-10T08:57:32","slug":"preguntas-mas-frecuentes","status":"publish","type":"page","link":"https:\/\/doc.bora-connect.com\/es\/preguntas-mas-frecuentes\/","title":{"rendered":"Preguntas m\u00e1s frecuentes"},"content":{"rendered":"<div class=\"bs-faq-category\"><div class=\"bs-faq-toggle\">V\u00eddeos de ayuda<\/div><div class=\"bs-faq-category-content\"><div class=\"bs-faq-item\"><a href=\"https:\/\/doc.bora-connect.com\/es\/banda-desinfectante-bora\/\">Banda desinfectante Bora<\/a><\/div><div class=\"bs-faq-item\"><a href=\"https:\/\/doc.bora-connect.com\/es\/cambio-de-la-correa-textil-de-la-banda-bora\/\">Cambio de la correa textil de la banda Bora<\/a><\/div><div class=\"bs-faq-item\"><a href=\"https:\/\/doc.bora-connect.com\/es\/comprender-los-indicadores-luminosos-de-la-banda-bora\/\">Comprender los indicadores luminosos de la banda Bora<\/a><\/div><div class=\"bs-faq-item\"><a href=\"https:\/\/doc.bora-connect.com\/es\/colocacion-de-la-banda-bora-en-la-muneca\/\">Colocaci\u00f3n de la banda Bora en la mu\u00f1eca<\/a><\/div><div class=\"bs-faq-item\"><a href=\"https:\/\/doc.bora-connect.com\/es\/encender-y-apagar-la-banda-bora\/\">Encender y apagar la banda Bora<\/a><\/div><\/div><\/div><div class=\"bs-faq-category\"><div class=\"bs-faq-toggle\">Instalaci\u00f3n del dispositivo Bora Care<\/div><div class=\"bs-faq-category-content\"><div class=\"bs-faq-item\"><a href=\"https:\/\/doc.bora-connect.com\/es\/no-he-recibido-el-correo-electronico-de-activacion-de-mi-cuenta-bora-connect-como-hacerlo\/\">No he recibido el correo electr\u00f3nico de activaci\u00f3n de mi cuenta Bora connect. \u00bfC\u00f3mo hacerlo?<\/a><\/div><div class=\"bs-faq-item\"><a href=\"https:\/\/doc.bora-connect.com\/es\/puede-el-paciente-consultar-sus-datos-en-otros-soportes-que-no-sean-su-smartphone\/\">\u00bfPuede el paciente consultar sus datos en otros soportes que no sean su smartphone?<\/a><\/div><div class=\"bs-faq-item\"><a href=\"https:\/\/doc.bora-connect.com\/es\/es-necesario-que-el-paciente-tenga-un-smartphone-para-utilizar-el-dispositivo-bora-care\/\">\u00bfEs necesario que el paciente tenga un smartphone para utilizar el dispositivo Bora care?<\/a><\/div><div class=\"bs-faq-item\"><a href=\"https:\/\/doc.bora-connect.com\/es\/como-instalar-bora-care-con-bora-box-en-un-paciente\/\">\u00bfC\u00f3mo instalar Bora care (con Bora box) en un paciente?<\/a><\/div><div class=\"bs-faq-item\"><a href=\"https:\/\/doc.bora-connect.com\/es\/como-instalar-bora-care-sin-bora-box-en-un-paciente\/\">\u00bfC\u00f3mo instalar Bora care (sin Bora box) en un paciente?<\/a><\/div><div class=\"bs-faq-item\"><a href=\"https:\/\/doc.bora-connect.com\/es\/no-he-recibido-el-correo-electronico-de-activacion-de-mi-cuenta-bora-connect-como-hacerlo-2\/\">No he recibido el correo electr\u00f3nico de activaci\u00f3n de mi cuenta Bora connect. \u00bfC\u00f3mo hacerlo?<\/a><\/div><\/div><\/div><div class=\"bs-faq-category\"><div class=\"bs-faq-toggle\">Datos y seguridad<\/div><div class=\"bs-faq-category-content\"><div class=\"bs-faq-item\"><a href=\"https:\/\/doc.bora-connect.com\/es\/tengo-que-pedir-al-paciente-que-firme-un-consentimiento-para-el-uso-y-tratamiento-de-sus-datos\/\">\u00bfTengo que pedir al paciente que firme un consentimiento para el uso y tratamiento de sus datos?<\/a><\/div><div class=\"bs-faq-item\"><a href=\"https:\/\/doc.bora-connect.com\/es\/quien-tiene-acceso-a-los-datos-de-los-pacientes\/\">\u00bfQui\u00e9n tiene acceso a los datos de los pacientes?<\/a><\/div><div class=\"bs-faq-item\"><a href=\"https:\/\/doc.bora-connect.com\/es\/estan-protegidos-los-datos-de-los-pacientes\/\">\u00bfEst\u00e1n protegidos los datos de los pacientes?<\/a><\/div><div class=\"bs-faq-item\"><a href=\"https:\/\/doc.bora-connect.com\/es\/hay-menos-mediciones-de-spo2-que-de-otros-parametros-es-normal\/\">Hay menos mediciones de SpO2 que de otros par\u00e1metros, \u00bfes normal?<\/a><\/div><div class=\"bs-faq-item\"><a href=\"https:\/\/doc.bora-connect.com\/es\/solo-se-muestran-la-temperatura-y-la-actividad-en-los-datos-del-paciente-mientras-lleva-puesta-la-banda-bora-que-hacer\/\">S\u00f3lo se muestran la temperatura y la actividad en los datos del paciente, mientras lleva puesta la banda Bora. \u00bfQu\u00e9 hacer?<\/a><\/div><div class=\"bs-faq-item\"><a href=\"https:\/\/doc.bora-connect.com\/es\/algunas-lecturas-de-spo2-son-bajas-es-normal\/\">Algunas lecturas de SpO2 son bajas, \u00bfes normal?<\/a><\/div><div class=\"bs-faq-item\"><a href=\"https:\/\/doc.bora-connect.com\/es\/se-muestran-los-datos-de-temperatura-de-la-piel-aunque-el-paciente-no-lleva-la-banda-bora-es-normal\/\">Se muestran los datos de temperatura de la piel, aunque el paciente no lleva la banda Bora, \u00bfes normal?<\/a><\/div><div class=\"bs-faq-item\"><a href=\"https:\/\/doc.bora-connect.com\/es\/por-que-algunos-parametros-cardiorrespiratorios-no-muestran-una-medicion-cada-10-minutos\/\">\u00bfPor qu\u00e9 algunos par\u00e1metros cardiorrespiratorios no muestran una medici\u00f3n cada 10 minutos?<\/a><\/div><div class=\"bs-faq-item\"><a href=\"https:\/\/doc.bora-connect.com\/es\/la-temperatura-no-aparece-en-los-graficos-ni-en-los-informes-que-puedo-hacer\/\">La temperatura no aparece en los gr\u00e1ficos ni en los informes, \u00bfqu\u00e9 puedo hacer?<\/a><\/div><div class=\"bs-faq-item\"><a href=\"https:\/\/doc.bora-connect.com\/es\/se-puede-activar-manualmente-una-medicion\/\">\u00bfSe puede activar manualmente una medici\u00f3n?<\/a><\/div><div class=\"bs-faq-item\"><a href=\"https:\/\/doc.bora-connect.com\/es\/como-se-adquieren-y-retroalimentan-los-datos-de-la-banda-bora\/\">\u00bfC\u00f3mo se adquieren y retroalimentan los datos de la banda Bora?<\/a><\/div><\/div><\/div><div class=\"bs-faq-category\"><div class=\"bs-faq-toggle\">pulsera Bora band<\/div><div class=\"bs-faq-category-content\"><div class=\"bs-faq-item\"><a href=\"https:\/\/doc.bora-connect.com\/es\/puede-el-paciente-tener-alergia-a-la-banda-bora\/\">\u00bfPuede el paciente tener alergia a la banda Bora?<\/a><\/div><div class=\"bs-faq-item\"><a href=\"https:\/\/doc.bora-connect.com\/es\/como-me-pongo-la-banda-bora-en-la-muneca\/\">\u00bfC\u00f3mo me pongo la banda Bora en la mu\u00f1eca?<\/a><\/div><div class=\"bs-faq-item\"><a href=\"https:\/\/doc.bora-connect.com\/es\/en-que-muneca-debe-llevar-la-pulsera-el-paciente\/\">\u00bfEn qu\u00e9 mu\u00f1eca debe llevar la pulsera el paciente?<\/a><\/div><div class=\"bs-faq-item\"><a href=\"https:\/\/doc.bora-connect.com\/es\/cuando-debo-cargar-la-banda-bora\/\">\u00bfCu\u00e1ndo debo cargar la banda Bora?<\/a><\/div><div class=\"bs-faq-item\"><a href=\"https:\/\/doc.bora-connect.com\/es\/puede-el-paciente-practicar-deporte-con-la-banda-bora\/\">\u00bfPuede el paciente practicar deporte con la banda Bora?<\/a><\/div><div class=\"bs-faq-item\"><a href=\"https:\/\/doc.bora-connect.com\/es\/los-led-situados-bajo-la-banda-del-bora-a-veces-estan-apagados-es-normal\/\">Los LED situados bajo la banda del Bora a veces est\u00e1n apagados, \u00bfes normal?<\/a><\/div><div class=\"bs-faq-item\"><a href=\"https:\/\/doc.bora-connect.com\/es\/por-que-la-pulsera-parpadea-con-regularidad\/\">\u00bfPor qu\u00e9 la pulsera parpadea con regularidad?<\/a><\/div><div class=\"bs-faq-item\"><a href=\"https:\/\/doc.bora-connect.com\/es\/que-significan-los-distintos-indicadores-luminosos-de-la-banda-bora\/\">\u00bfQu\u00e9 significan los distintos indicadores luminosos de la banda Bora?<\/a><\/div><div class=\"bs-faq-item\"><a href=\"https:\/\/doc.bora-connect.com\/es\/el-parpadeo-de-la-banda-bora-molesta-al-paciente-por-la-noche-que-se-puede-hacer\/\">El parpadeo de la banda Bora molesta al paciente por la noche, \u00bfqu\u00e9 se puede hacer?<\/a><\/div><div class=\"bs-faq-item\"><a href=\"https:\/\/doc.bora-connect.com\/es\/la-banda-bora-parpadea-en-azul-con-mas-frecuencia-que-antes-que-puedo-hacer\/\">La banda Bora parpadea en azul con m\u00e1s frecuencia que antes, \u00bfqu\u00e9 puedo hacer?<\/a><\/div><div class=\"bs-faq-item\"><a href=\"https:\/\/doc.bora-connect.com\/es\/se-enciende-una-luz-roja-que-debo-hacer\/\">Se enciende una luz roja, \u00bfqu\u00e9 debo hacer?<\/a><\/div><div class=\"bs-faq-item\"><a href=\"https:\/\/doc.bora-connect.com\/es\/los-leds-bajo-la-banda-bora-se-encienden-pero-no-aparece-ningun-dato-en-la-aplicacion-por-que\/\">Los LEDs bajo la banda Bora se encienden, pero no aparece ning\u00fan dato en la aplicaci\u00f3n, \u00bfpor qu\u00e9?<\/a><\/div><div class=\"bs-faq-item\"><a href=\"https:\/\/doc.bora-connect.com\/es\/la-banda-bora-esta-cargada-pero-ha-dejado-de-parpadear-es-normal\/\">La banda Bora est\u00e1 cargada pero ha dejado de parpadear. \u00bfEs normal?<\/a><\/div><div class=\"bs-faq-item\"><a href=\"https:\/\/doc.bora-connect.com\/es\/la-banda-bora-muestra-un-led-verde-parpadeante-cuando-se-enciende-es-normal\/\">La banda Bora muestra un LED verde parpadeante cuando se enciende, \u00bfes normal?<\/a><\/div><\/div><\/div><div class=\"bs-faq-category\"><div class=\"bs-faq-toggle\">Bora connect<\/div><div class=\"bs-faq-category-content\"><div class=\"bs-faq-item\"><a href=\"https:\/\/doc.bora-connect.com\/es\/tiene-el-paciente-que-abrir-regularmente-la-aplicacion-bora-connect\/\">\u00bfTiene el paciente que abrir regularmente la aplicaci\u00f3n Bora connect?<\/a><\/div><div class=\"bs-faq-item\"><a href=\"https:\/\/doc.bora-connect.com\/es\/el-paciente-borro-sin-querer-la-aplicacion-bora-connect-como-lo-reinstalo\/\">El paciente borr\u00f3 sin querer la aplicaci\u00f3n Bora connect. \u00bfC\u00f3mo lo reinstalo?<\/a><\/div><div class=\"bs-faq-item\"><a href=\"https:\/\/doc.bora-connect.com\/es\/se-interrumpe-la-monitorizacion-remota-cuando-el-paciente-recibe-llamadas-en-su-smartphone\/\">\u00bfSe interrumpe la monitorizaci\u00f3n remota cuando el paciente recibe llamadas en su smartphone?<\/a><\/div><div class=\"bs-faq-item\"><a href=\"https:\/\/doc.bora-connect.com\/es\/puedo-vincular-la-plataforma-bora-connect-a-nuestro-sistema-informatico\/\">\u00bfPuedo vincular la plataforma Bora connect a nuestro sistema inform\u00e1tico?<\/a><\/div><div class=\"bs-faq-item\"><a href=\"https:\/\/doc.bora-connect.com\/es\/por-que-la-aplicacion-bora-connect-solicita-permiso-para-acceder-a-la-posicion-geolocalizacion-del-smartphone-del-paciente\/\">\u00bfPor qu\u00e9 la aplicaci\u00f3n Bora connect solicita permiso para acceder a la posici\u00f3n\/geolocalizaci\u00f3n del smartphone del paciente?<\/a><\/div><div class=\"bs-faq-item\"><a href=\"https:\/\/doc.bora-connect.com\/es\/la-pantalla-del-bora-connect-no-funciona-que-puedo-hacer\/\">La pantalla del Bora connect no funciona, \u00bfqu\u00e9 puedo hacer?<\/a><\/div><\/div><\/div><div class=\"bs-faq-category\"><div class=\"bs-faq-toggle\">Bora Box<\/div><div class=\"bs-faq-category-content\"><div class=\"bs-faq-item\"><a href=\"https:\/\/doc.bora-connect.com\/es\/el-paciente-tiene-que-abrir-regularmente-la-aplicacion-bora-connect-desde-el-bora-box\/\">\u00bfEl paciente tiene que abrir regularmente la aplicaci\u00f3n Bora connect desde el Bora box?<\/a><\/div><div class=\"bs-faq-item\"><a href=\"https:\/\/doc.bora-connect.com\/es\/puedo-navegar-en-el-bora-box-como-en-un-smartphone\/\">\u00bfPuedo navegar en el Bora box como en un smartphone?<\/a><\/div><\/div><\/div><div class=\"bs-faq-category\"><div class=\"bs-faq-toggle\">Sin categorizar<\/div><div class=\"bs-faq-category-content\"><div class=\"bs-faq-item\"><a href=\"https:\/\/doc.bora-connect.com\/es\/cargador-banda-bora\/\">Cargador banda Bora<\/a><\/div><\/div><\/div>\n","protected":false},"excerpt":{"rendered":"","protected":false},"author":1,"featured_media":0,"parent":0,"menu_order":0,"comment_status":"closed","ping_status":"closed","template":"","meta":{"_kad_blocks_custom_css":"","_kad_blocks_head_custom_js":"","_kad_blocks_body_custom_js":"","_kad_blocks_footer_custom_js":"","_kad_post_transparent":"","_kad_post_title":"","_kad_post_layout":"","_kad_post_sidebar_id":"","_kad_post_content_style":"","_kad_post_vertical_padding":"","_kad_post_feature":"","_kad_post_feature_position":"","_kad_post_header":false,"_kad_post_footer":false,"_kad_post_classname":"","footnotes":""},"class_list":["post-2059","page","type-page","status-publish","hentry"],"taxonomy_info":[],"featured_image_src_large":false,"author_info":{"display_name":"david.manson.contact@gmail.com","author_link":"https:\/\/doc.bora-connect.com\/es\/author\/david-manson-contactgmail-com\/"},"comment_info":"","_links":{"self":[{"href":"https:\/\/doc.bora-connect.com\/es\/wp-json\/wp\/v2\/pages\/2059","targetHints":{"allow":["GET"]}}],"collection":[{"href":"https:\/\/doc.bora-connect.com\/es\/wp-json\/wp\/v2\/pages"}],"about":[{"href":"https:\/\/doc.bora-connect.com\/es\/wp-json\/wp\/v2\/types\/page"}],"author":[{"embeddable":true,"href":"https:\/\/doc.bora-connect.com\/es\/wp-json\/wp\/v2\/users\/1"}],"replies":[{"embeddable":true,"href":"https:\/\/doc.bora-connect.com\/es\/wp-json\/wp\/v2\/comments?post=2059"}],"version-history":[{"count":3,"href":"https:\/\/doc.bora-connect.com\/es\/wp-json\/wp\/v2\/pages\/2059\/revisions"}],"predecessor-version":[{"id":2062,"href":"https:\/\/doc.bora-connect.com\/es\/wp-json\/wp\/v2\/pages\/2059\/revisions\/2062"}],"wp:attachment":[{"href":"https:\/\/doc.bora-connect.com\/es\/wp-json\/wp\/v2\/media?parent=2059"}],"curies":[{"name":"wp","href":"https:\/\/api.w.org\/{rel}","templated":true}]}}