{"id":2055,"date":"2022-07-30T13:35:22","date_gmt":"2022-07-30T12:35:22","guid":{"rendered":"https:\/\/doc.bora-connect.com\/faq-completo\/"},"modified":"2023-04-10T09:57:14","modified_gmt":"2023-04-10T08:57:14","slug":"faq-completo","status":"publish","type":"page","link":"https:\/\/doc.bora-connect.com\/pt-pt\/faq-completo\/","title":{"rendered":"FAQ completo"},"content":{"rendered":"<div class=\"bs-faq-category\"><div class=\"bs-faq-toggle\">V\u00eddeos de ajuda<\/div><div class=\"bs-faq-category-content\"><div class=\"bs-faq-item\"><a href=\"https:\/\/doc.bora-connect.com\/pt-pt\/desinfeccao-da-banda-bora\/\">Desinfec\u00e7\u00e3o da banda Bora<\/a><\/div><div class=\"bs-faq-item\"><a href=\"https:\/\/doc.bora-connect.com\/pt-pt\/mudanca-da-cinta-textil-da-banda-bora\/\">Mudan\u00e7a da cinta t\u00eaxtil da banda Bora<\/a><\/div><div class=\"bs-faq-item\"><a href=\"https:\/\/doc.bora-connect.com\/pt-pt\/compreender-as-luzes-indicadoras-da-banda-bora\/\">Compreender as luzes indicadoras da banda Bora<\/a><\/div><div class=\"bs-faq-item\"><a href=\"https:\/\/doc.bora-connect.com\/pt-pt\/instalacao-da-banda-bora-no-pulso\/\">Instala\u00e7\u00e3o da banda Bora no pulso<\/a><\/div><div class=\"bs-faq-item\"><a href=\"https:\/\/doc.bora-connect.com\/pt-pt\/ligar-e-desligar-a-banda-bora\/\">Ligar e desligar a banda Bora<\/a><\/div><\/div><\/div><div class=\"bs-faq-category\"><div class=\"bs-faq-toggle\">Instala\u00e7\u00e3o do dispositivo Bora Care<\/div><div class=\"bs-faq-category-content\"><div class=\"bs-faq-item\"><a href=\"https:\/\/doc.bora-connect.com\/pt-pt\/nao-recebi-o-meu-e-mail-de-activacao-da-conta-bora-connect-como-faze-lo\/\">N\u00e3o recebi o meu e-mail de activa\u00e7\u00e3o da conta Bora connect. Como faz\u00ea-lo?<\/a><\/div><div class=\"bs-faq-item\"><a href=\"https:\/\/doc.bora-connect.com\/pt-pt\/o-paciente-pode-consultar-os-seus-dados-sobre-outros-meios-que-nao-o-seu-smartphone\/\">O paciente pode consultar os seus dados sobre outros meios que n\u00e3o o seu smartphone?<\/a><\/div><div class=\"bs-faq-item\"><a href=\"https:\/\/doc.bora-connect.com\/pt-pt\/o-paciente-tem-de-ter-um-smartphone-para-utilizar-o-dispositivo-de-tratamento-bora\/\">O paciente tem de ter um smartphone para utilizar o dispositivo de tratamento Bora?<\/a><\/div><div class=\"bs-faq-item\"><a href=\"https:\/\/doc.bora-connect.com\/pt-pt\/como-instalar-bora-care-com-bora-box-num-paciente\/\">Como instalar Bora care (com Bora box) num paciente?<\/a><\/div><div class=\"bs-faq-item\"><a href=\"https:\/\/doc.bora-connect.com\/pt-pt\/como-instalar-bora-care-sem-bora-box-num-paciente\/\">Como instalar Bora care (sem Bora box) num paciente?<\/a><\/div><div class=\"bs-faq-item\"><a href=\"https:\/\/doc.bora-connect.com\/pt-pt\/nao-recebi-o-meu-e-mail-de-activacao-da-conta-bora-connect-como-faze-lo-2\/\">N\u00e3o recebi o meu e-mail de activa\u00e7\u00e3o da conta Bora connect. Como faz\u00ea-lo?<\/a><\/div><\/div><\/div><div class=\"bs-faq-category\"><div class=\"bs-faq-toggle\">Dados e seguran\u00e7a<\/div><div class=\"bs-faq-category-content\"><div class=\"bs-faq-item\"><a href=\"https:\/\/doc.bora-connect.com\/pt-pt\/tenho-de-conseguir-que-o-paciente-assine-um-consentimento-para-a-utilizacao-e-processamento-dos-seus-dados\/\">Tenho de conseguir que o paciente assine um consentimento para a utiliza\u00e7\u00e3o e processamento dos seus dados?<\/a><\/div><div class=\"bs-faq-item\"><a href=\"https:\/\/doc.bora-connect.com\/pt-pt\/quem-tem-acesso-aos-dados-dos-doentes\/\">Quem tem acesso aos dados dos doentes?<\/a><\/div><div class=\"bs-faq-item\"><a href=\"https:\/\/doc.bora-connect.com\/pt-pt\/os-dados-dos-doentes-sao-protegidos\/\">Os dados dos doentes s\u00e3o protegidos?<\/a><\/div><div class=\"bs-faq-item\"><a href=\"https:\/\/doc.bora-connect.com\/pt-pt\/ha-menos-medicoes-de-spo2-do-que-para-os-outros-parametros-isto-e-normal\/\">H\u00e1 menos medi\u00e7\u00f5es de SpO2 do que para os outros par\u00e2metros, isto \u00e9 normal?<\/a><\/div><div class=\"bs-faq-item\"><a href=\"https:\/\/doc.bora-connect.com\/pt-pt\/apenas-a-temperatura-e-actividade-sao-mostradas-nos-dados-do-paciente-enquanto-que-a-banda-de-bora-e-usada-o-que-fazer\/\">Apenas a temperatura e actividade s\u00e3o mostradas nos dados do paciente, enquanto que a banda de Bora \u00e9 usada. O que fazer?<\/a><\/div><div class=\"bs-faq-item\"><a href=\"https:\/\/doc.bora-connect.com\/pt-pt\/algumas-leituras-de-spo2-sao-baixas-isto-e-normal\/\">Algumas leituras de SpO2 s\u00e3o baixas, isto \u00e9 normal?<\/a><\/div><div class=\"bs-faq-item\"><a href=\"https:\/\/doc.bora-connect.com\/pt-pt\/os-dados-de-temperatura-da-pele-sao-apresentados-embora-o-paciente-nao-esteja-a-usar-a-banda-bora-isto-e-normal\/\">Os dados de temperatura da pele s\u00e3o apresentados, embora o paciente n\u00e3o esteja a usar a banda Bora, isto \u00e9 normal?<\/a><\/div><div class=\"bs-faq-item\"><a href=\"https:\/\/doc.bora-connect.com\/pt-pt\/porque-e-que-alguns-parametros-cardio-respiratorios-nao-mostram-uma-medicao-a-cada-10-minutos\/\">Porque \u00e9 que alguns par\u00e2metros cardio-respirat\u00f3rios n\u00e3o mostram uma medi\u00e7\u00e3o a cada 10 minutos?<\/a><\/div><div class=\"bs-faq-item\"><a href=\"https:\/\/doc.bora-connect.com\/pt-pt\/a-temperatura-nao-e-exibida-nos-graficos-e-relatorios-o-que-posso-fazer\/\">A temperatura n\u00e3o \u00e9 exibida nos gr\u00e1ficos e relat\u00f3rios, o que posso fazer?<\/a><\/div><div class=\"bs-faq-item\"><a href=\"https:\/\/doc.bora-connect.com\/pt-pt\/uma-medicao-pode-ser-accionada-manualmente\/\">Uma medi\u00e7\u00e3o pode ser accionada manualmente?<\/a><\/div><div class=\"bs-faq-item\"><a href=\"https:\/\/doc.bora-connect.com\/pt-pt\/como-e-que-os-dados-da-banda-de-bora-sao-adquiridos-e-reenviados\/\">Como \u00e9 que os dados da banda de Bora s\u00e3o adquiridos e reenviados?<\/a><\/div><\/div><\/div><div class=\"bs-faq-category\"><div class=\"bs-faq-toggle\">Pulseira Bora band<\/div><div class=\"bs-faq-category-content\"><div class=\"bs-faq-item\"><a href=\"https:\/\/doc.bora-connect.com\/pt-pt\/o-doente-pode-ter-uma-alergia-a-banda-de-bora\/\">O doente pode ter uma alergia \u00e0 banda de Bora?<\/a><\/div><div class=\"bs-faq-item\"><a href=\"https:\/\/doc.bora-connect.com\/pt-pt\/como-colocar-a-banda-bora-no-meu-pulso\/\">Como colocar a banda Bora no meu pulso?<\/a><\/div><div class=\"bs-faq-item\"><a href=\"https:\/\/doc.bora-connect.com\/pt-pt\/em-que-pulso-deve-o-paciente-usar-a-bracelete\/\">Em que pulso deve o paciente usar a bracelete?<\/a><\/div><div class=\"bs-faq-item\"><a href=\"https:\/\/doc.bora-connect.com\/pt-pt\/quando-devo-carregar-a-banda-bora\/\">Quando devo carregar a banda Bora?<\/a><\/div><div class=\"bs-faq-item\"><a href=\"https:\/\/doc.bora-connect.com\/pt-pt\/o-paciente-pode-praticar-desporto-com-a-banda-bora\/\">O paciente pode praticar desporto com a banda Bora?<\/a><\/div><div class=\"bs-faq-item\"><a href=\"https:\/\/doc.bora-connect.com\/pt-pt\/os-leds-debaixo-da-banda-bora-estao-por-vezes-apagados-isto-e-normal\/\">Os LEDs debaixo da banda Bora est\u00e3o por vezes apagados, isto \u00e9 normal?<\/a><\/div><div class=\"bs-faq-item\"><a href=\"https:\/\/doc.bora-connect.com\/pt-pt\/porque-e-que-a-bracelete-pisca-regularmente\/\">Porque \u00e9 que a bracelete pisca regularmente?<\/a><\/div><div class=\"bs-faq-item\"><a href=\"https:\/\/doc.bora-connect.com\/pt-pt\/o-que-significam-as-diferentes-luzes-indicadoras-na-banda-de-bora\/\">O que significam as diferentes luzes indicadoras na banda de Bora?<\/a><\/div><div class=\"bs-faq-item\"><a href=\"https:\/\/doc.bora-connect.com\/pt-pt\/o-piscar-da-banda-de-bora-perturba-o-doente-a-noite-o-que-pode-ser-feito\/\">O piscar da banda de Bora perturba o doente \u00e0 noite, o que pode ser feito?<\/a><\/div><div class=\"bs-faq-item\"><a href=\"https:\/\/doc.bora-connect.com\/pt-pt\/a-banda-bora-pisca-azul-mais-vezes-do-que-antes-o-que-posso-fazer\/\">A banda Bora pisca azul mais vezes do que antes, o que posso fazer?<\/a><\/div><div class=\"bs-faq-item\"><a href=\"https:\/\/doc.bora-connect.com\/pt-pt\/acende-se-uma-luz-vermelha-o-que-devo-fazer\/\">Acende-se uma luz vermelha, o que devo fazer?<\/a><\/div><div class=\"bs-faq-item\"><a href=\"https:\/\/doc.bora-connect.com\/pt-pt\/os-led-sob-a-banda-bora-iluminam-se-mas-nao-aparecem-dados-na-aplicacao-porque\/\">Os LED sob a banda Bora iluminam-se, mas n\u00e3o aparecem dados na aplica\u00e7\u00e3o, porqu\u00ea?<\/a><\/div><div class=\"bs-faq-item\"><a href=\"https:\/\/doc.bora-connect.com\/pt-pt\/a-banda-bora-esta-a-cargo-mas-deixou-de-piscar-isto-e-normal\/\">A banda Bora est\u00e1 a cargo, mas deixou de piscar. Isto \u00e9 normal?<\/a><\/div><div class=\"bs-faq-item\"><a href=\"https:\/\/doc.bora-connect.com\/pt-pt\/a-banda-bora-mostra-um-led-verde-intermitente-quando-ligada-isto-e-normal\/\">A banda Bora mostra um LED verde intermitente quando ligada, isto \u00e9 normal?<\/a><\/div><\/div><\/div><div class=\"bs-faq-category\"><div class=\"bs-faq-toggle\">Bora connect<\/div><div class=\"bs-faq-category-content\"><div class=\"bs-faq-item\"><a href=\"https:\/\/doc.bora-connect.com\/pt-pt\/o-paciente-tem-de-abrir-regularmente-a-aplicacao-bora-connect\/\">O paciente tem de abrir regularmente a aplica\u00e7\u00e3o Bora connect?<\/a><\/div><div class=\"bs-faq-item\"><a href=\"https:\/\/doc.bora-connect.com\/pt-pt\/o-paciente-apagou-inadvertidamente-a-aplicacao-bora-connect-como-e-que-a-reinstalo\/\">O paciente apagou inadvertidamente a aplica\u00e7\u00e3o Bora connect. Como \u00e9 que a reinstalo?<\/a><\/div><div class=\"bs-faq-item\"><a href=\"https:\/\/doc.bora-connect.com\/pt-pt\/a-monitorizacao-remota-e-interrompida-quando-o-paciente-recebe-chamadas-telefonicas-no-seu-smartphone\/\">A monitoriza\u00e7\u00e3o remota \u00e9 interrompida quando o paciente recebe chamadas telef\u00f3nicas no seu smartphone?<\/a><\/div><div class=\"bs-faq-item\"><a href=\"https:\/\/doc.bora-connect.com\/pt-pt\/posso-ligar-a-plataforma-de-ligacao-de-bora-ao-nosso-sistema-informatico\/\">Posso ligar a plataforma de liga\u00e7\u00e3o de Bora ao nosso sistema inform\u00e1tico?<\/a><\/div><div class=\"bs-faq-item\"><a href=\"https:\/\/doc.bora-connect.com\/pt-pt\/porque-e-que-a-aplicacao-bora-liga-pede-permissao-para-aceder-a-posicao-geolocalizacao-do-smartphone-do-paciente\/\">Porque \u00e9 que a aplica\u00e7\u00e3o Bora liga pede permiss\u00e3o para aceder \u00e0 posi\u00e7\u00e3o\/geolocaliza\u00e7\u00e3o do smartphone do paciente?<\/a><\/div><div class=\"bs-faq-item\"><a href=\"https:\/\/doc.bora-connect.com\/pt-pt\/o-ecra-em-bora-connect-nao-esta-a-funcionar-o-que-posso-fazer\/\">O ecr\u00e3 em Bora connect n\u00e3o est\u00e1 a funcionar, o que posso fazer?<\/a><\/div><\/div><\/div><div class=\"bs-faq-category\"><div class=\"bs-faq-toggle\">Bora Box<\/div><div class=\"bs-faq-category-content\"><div class=\"bs-faq-item\"><a href=\"https:\/\/doc.bora-connect.com\/pt-pt\/o-paciente-tem-de-abrir-regularmente-a-aplicacao-de-ligacao-de-bora-a-partir-da-caixa-de-bora\/\">O paciente tem de abrir regularmente a aplica\u00e7\u00e3o de liga\u00e7\u00e3o de Bora a partir da Bora Box?<\/a><\/div><div class=\"bs-faq-item\"><a href=\"https:\/\/doc.bora-connect.com\/pt-pt\/posso-navegar-na-caixa-bora-como-num-smartphone\/\">Posso navegar na caixa Bora como num smartphone?<\/a><\/div><\/div><\/div><div class=\"bs-faq-category\"><div class=\"bs-faq-toggle\">Sem categoria<\/div><div class=\"bs-faq-category-content\"><div class=\"bs-faq-item\"><a href=\"https:\/\/doc.bora-connect.com\/pt-pt\/carregador-de-banda-bora\/\">Carregador de banda Bora<\/a><\/div><\/div><\/div>\n","protected":false},"excerpt":{"rendered":"","protected":false},"author":1,"featured_media":0,"parent":0,"menu_order":0,"comment_status":"closed","ping_status":"closed","template":"","meta":{"_kad_blocks_custom_css":"","_kad_blocks_head_custom_js":"","_kad_blocks_body_custom_js":"","_kad_blocks_footer_custom_js":"","_kad_post_transparent":"","_kad_post_title":"","_kad_post_layout":"","_kad_post_sidebar_id":"","_kad_post_content_style":"","_kad_post_vertical_padding":"","_kad_post_feature":"","_kad_post_feature_position":"","_kad_post_header":false,"_kad_post_footer":false,"_kad_post_classname":"","footnotes":""},"class_list":["post-2055","page","type-page","status-publish","hentry"],"taxonomy_info":[],"featured_image_src_large":false,"author_info":{"display_name":"david.manson.contact@gmail.com","author_link":"https:\/\/doc.bora-connect.com\/pt-pt\/author\/david-manson-contactgmail-com\/"},"comment_info":"","_links":{"self":[{"href":"https:\/\/doc.bora-connect.com\/pt-pt\/wp-json\/wp\/v2\/pages\/2055","targetHints":{"allow":["GET"]}}],"collection":[{"href":"https:\/\/doc.bora-connect.com\/pt-pt\/wp-json\/wp\/v2\/pages"}],"about":[{"href":"https:\/\/doc.bora-connect.com\/pt-pt\/wp-json\/wp\/v2\/types\/page"}],"author":[{"embeddable":true,"href":"https:\/\/doc.bora-connect.com\/pt-pt\/wp-json\/wp\/v2\/users\/1"}],"replies":[{"embeddable":true,"href":"https:\/\/doc.bora-connect.com\/pt-pt\/wp-json\/wp\/v2\/comments?post=2055"}],"version-history":[{"count":3,"href":"https:\/\/doc.bora-connect.com\/pt-pt\/wp-json\/wp\/v2\/pages\/2055\/revisions"}],"predecessor-version":[{"id":2058,"href":"https:\/\/doc.bora-connect.com\/pt-pt\/wp-json\/wp\/v2\/pages\/2055\/revisions\/2058"}],"wp:attachment":[{"href":"https:\/\/doc.bora-connect.com\/pt-pt\/wp-json\/wp\/v2\/media?parent=2055"}],"curies":[{"name":"wp","href":"https:\/\/api.w.org\/{rel}","templated":true}]}}