{"id":2063,"date":"2022-08-04T15:04:13","date_gmt":"2022-08-04T14:04:13","guid":{"rendered":"https:\/\/doc.bora-connect.com\/manuais-do-utilizador\/"},"modified":"2025-08-18T09:09:29","modified_gmt":"2025-08-18T08:09:29","slug":"manuais-do-utilizador","status":"publish","type":"page","link":"https:\/\/doc.bora-connect.com\/pt-pt\/manuais-do-utilizador\/","title":{"rendered":"Manuais do utilizador"},"content":{"rendered":"<style>.kb-row-layout-id2063_714e28-f7 > .kt-row-column-wrap{align-content:center;}:where(.kb-row-layout-id2063_714e28-f7 > .kt-row-column-wrap) > .wp-block-kadence-column{justify-content:center;}.kb-row-layout-id2063_714e28-f7 > .kt-row-column-wrap{column-gap:var(--global-kb-gap-md, 2rem);row-gap:var(--global-kb-gap-md, 2rem);max-width:var( --global-content-width, 1290px );padding-left:var(--global-content-edge-padding);padding-right:var(--global-content-edge-padding);padding-top:130px;padding-bottom:70px;min-height:280px;grid-template-columns:minmax(0, 1fr);}.kb-row-layout-id2063_714e28-f7{background-image:url('https:\/\/doc.bora-connect.com\/wp-content\/uploads\/2022\/08\/header-manuel-utilisation.jpg');background-size:cover;background-position:49% 43%;background-attachment:scroll;background-repeat:no-repeat;}.kb-row-layout-id2063_714e28-f7 > .kt-row-layout-overlay{opacity:0.30;}@media all and (max-width: 1024px){.kb-row-layout-id2063_714e28-f7 > .kt-row-column-wrap{grid-template-columns:minmax(0, 1fr);}}@media all and (max-width: 767px){.kb-row-layout-id2063_714e28-f7 > .kt-row-column-wrap{grid-template-columns:minmax(0, 1fr);}}<\/style><div class=\"kb-row-layout-wrap kb-row-layout-id2063_714e28-f7 alignnone kt-row-has-bg wp-block-kadence-rowlayout\"><div class=\"kt-row-column-wrap kt-has-1-columns kt-row-layout-equal kt-tab-layout-inherit kt-mobile-layout-row kt-row-valign-middle kb-theme-content-width\">\n<style>.kadence-column2063_748e14-82 > .kt-inside-inner-col,.kadence-column2063_748e14-82 > .kt-inside-inner-col:before{border-top-left-radius:0px;border-top-right-radius:0px;border-bottom-right-radius:0px;border-bottom-left-radius:0px;}.kadence-column2063_748e14-82 > .kt-inside-inner-col{column-gap:var(--global-kb-gap-sm, 1rem);}.kadence-column2063_748e14-82 > .kt-inside-inner-col{flex-direction:column;}.kadence-column2063_748e14-82 > .kt-inside-inner-col > .aligncenter{width:100%;}.kadence-column2063_748e14-82 > .kt-inside-inner-col:before{opacity:0.3;}.kadence-column2063_748e14-82{position:relative;}@media all and (max-width: 1024px){.kadence-column2063_748e14-82 > .kt-inside-inner-col{flex-direction:column;justify-content:center;}}@media all and (max-width: 767px){.kadence-column2063_748e14-82 > .kt-inside-inner-col{flex-direction:column;justify-content:center;}}<\/style>\n<div class=\"wp-block-kadence-column kadence-column2063_748e14-82 inner-column-1\"><div class=\"kt-inside-inner-col\"><style>.wp-block-kadence-advancedheading.kt-adv-heading2063_6026af-a9, .wp-block-kadence-advancedheading.kt-adv-heading2063_6026af-a9[data-kb-block=\"kb-adv-heading2063_6026af-a9\"]{text-align:center;font-style:normal;}.wp-block-kadence-advancedheading.kt-adv-heading2063_6026af-a9 mark.kt-highlight, .wp-block-kadence-advancedheading.kt-adv-heading2063_6026af-a9[data-kb-block=\"kb-adv-heading2063_6026af-a9\"] mark.kt-highlight{font-style:normal;color:#f76a0c;-webkit-box-decoration-break:clone;box-decoration-break:clone;padding-top:0px;padding-right:0px;padding-bottom:0px;padding-left:0px;}.wp-block-kadence-advancedheading.kt-adv-heading2063_6026af-a9 img.kb-inline-image, .wp-block-kadence-advancedheading.kt-adv-heading2063_6026af-a9[data-kb-block=\"kb-adv-heading2063_6026af-a9\"] img.kb-inline-image{width:150px;vertical-align:baseline;}<\/style>\n<h1 class=\"kt-adv-heading2063_6026af-a9 wp-block-kadence-advancedheading has-theme-palette-9-color has-text-color\" data-kb-block=\"kb-adv-heading2063_6026af-a9\">Manuais do utilizador<\/h1>\n<\/div><\/div>\n\n<\/div><\/div>\n\n<style>.kb-row-layout-id2063_64e01f-1a > .kt-row-column-wrap{align-content:start;}:where(.kb-row-layout-id2063_64e01f-1a > .kt-row-column-wrap) > .wp-block-kadence-column{justify-content:start;}.kb-row-layout-id2063_64e01f-1a > .kt-row-column-wrap{column-gap:var(--global-kb-gap-md, 2rem);row-gap:var(--global-kb-gap-md, 2rem);max-width:620px;margin-left:auto;margin-right:auto;padding-top:50px;padding-right:25px;padding-bottom:50px;padding-left:25px;grid-template-columns:minmax(0, 1fr);}.kb-row-layout-id2063_64e01f-1a > .kt-row-layout-overlay{opacity:0.30;}@media all and (max-width: 1024px){.kb-row-layout-id2063_64e01f-1a > .kt-row-column-wrap{grid-template-columns:minmax(0, 1fr);}}@media all and (max-width: 767px){.kb-row-layout-id2063_64e01f-1a > .kt-row-column-wrap{grid-template-columns:minmax(0, 1fr);}}<\/style><div class=\"kb-row-layout-wrap kb-row-layout-id2063_64e01f-1a alignnone wp-block-kadence-rowlayout\"><div class=\"kt-row-column-wrap kt-has-1-columns kt-row-layout-equal kt-tab-layout-inherit kt-mobile-layout-row kt-row-valign-top\">\n<style>.kadence-column2063_526941-d7 > .kt-inside-inner-col,.kadence-column2063_526941-d7 > .kt-inside-inner-col:before{border-top-left-radius:0px;border-top-right-radius:0px;border-bottom-right-radius:0px;border-bottom-left-radius:0px;}.kadence-column2063_526941-d7 > .kt-inside-inner-col{column-gap:var(--global-kb-gap-sm, 1rem);}.kadence-column2063_526941-d7 > .kt-inside-inner-col{flex-direction:column;}.kadence-column2063_526941-d7 > .kt-inside-inner-col > .aligncenter{width:100%;}.kadence-column2063_526941-d7 > .kt-inside-inner-col:before{opacity:0.3;}.kadence-column2063_526941-d7{position:relative;}@media all and (max-width: 1024px){.kadence-column2063_526941-d7 > .kt-inside-inner-col{flex-direction:column;justify-content:center;}}@media all and (max-width: 767px){.kadence-column2063_526941-d7 > .kt-inside-inner-col{flex-direction:column;justify-content:center;}}<\/style>\n<div class=\"wp-block-kadence-column kadence-column2063_526941-d7 inner-column-1\"><div class=\"kt-inside-inner-col\"><style>.wp-block-kadence-advancedheading.kt-adv-heading2063_b68d98-9e, .wp-block-kadence-advancedheading.kt-adv-heading2063_b68d98-9e[data-kb-block=\"kb-adv-heading2063_b68d98-9e\"]{font-style:normal;}.wp-block-kadence-advancedheading.kt-adv-heading2063_b68d98-9e mark.kt-highlight, .wp-block-kadence-advancedheading.kt-adv-heading2063_b68d98-9e[data-kb-block=\"kb-adv-heading2063_b68d98-9e\"] mark.kt-highlight{font-style:normal;color:#f76a0c;-webkit-box-decoration-break:clone;box-decoration-break:clone;padding-top:0px;padding-right:0px;padding-bottom:0px;padding-left:0px;}.wp-block-kadence-advancedheading.kt-adv-heading2063_b68d98-9e img.kb-inline-image, .wp-block-kadence-advancedheading.kt-adv-heading2063_b68d98-9e[data-kb-block=\"kb-adv-heading2063_b68d98-9e\"] img.kb-inline-image{width:150px;vertical-align:baseline;}<\/style>\n<h2 class=\"kt-adv-heading2063_b68d98-9e wp-block-kadence-advancedheading\" data-kb-block=\"kb-adv-heading2063_b68d98-9e\"> Bora band<\/h2>\n\n\n\n<p><a href=\"https:\/\/doc.bora-connect.com\/pt-pt\/manuals\/bora-band-model-bb100\/\" data-type=\"usermanual\" data-id=\"211\">Manual do utilizador<br><\/a><a href=\"https:\/\/doc.bora-connect.com\/pt-pt\/manuals\/bora-band-quick-user-guide\/\" data-type=\"usermanual\" data-id=\"358\">Guia R\u00e1pido do Utilizador<\/a><\/p>\n\n\n\n<h2 class=\"wp-block-heading\">Bora box<\/h2>\n\n\n\n<p><a href=\"https:\/\/doc.bora-connect.com\/pt-pt\/manuals\/users-manual-healthcare-professionals\/\">Manual do utilizador para a liga\u00e7\u00e3o Bora connect for home app<\/a><br><a href=\"https:\/\/doc.bora-connect.com\/pt-pt\/manuals\/bora-box-quick-user-guide\/\">Guia R\u00e1pido<\/a><\/p>\n\n\n\n<h2 class=\"wp-block-heading\">Bora connect<\/h2>\n\n\n\n<div class=\"wp-block-group\"><div class=\"wp-block-group__inner-container is-layout-constrained wp-block-group-is-layout-constrained\">\n<div class=\"wp-block-group\"><div class=\"wp-block-group__inner-container is-layout-constrained wp-block-group-is-layout-constrained\">\n<div class=\"wp-block-group is-content-justification-space-between is-nowrap is-layout-flex wp-container-core-group-is-layout-0dfbf163 wp-block-group-is-layout-flex\">\n<div class=\"wp-block-group is-vertical is-layout-flex wp-container-core-group-is-layout-8cf370e7 wp-block-group-is-layout-flex\">\n<p><a href=\"https:\/\/doc.bora-connect.com\/pt-pt\/manuals\/bora-connect-manual-do-utilizador\/\">Manual do utilizador Bora connect<\/a><br><a href=\"https:\/\/doc.bora-connect.com\/pt-pt\/manuals\/bora-connect\/\">Guia de Introdu\u00e7\u00e3o<\/a><\/p>\n\n\n\n<h2 class=\"wp-block-heading\">Bora NGD (Network Gateway Device)<\/h2>\n\n\n\n<p><a href=\"https:\/\/doc.bora-connect.com\/wp-content\/uploads\/2025\/08\/NGD_IFU_Patient_PT-1.2-format-web.pdf\" target=\"_blank\" rel=\"noreferrer noopener\">Manual do utilizador NGD<\/a><br><a href=\"https:\/\/doc.bora-connect.com\/wp-content\/uploads\/2024\/10\/Portuguese-Portugal_NGD_Guide-dinstallation_1.0_A.pdf\" target=\"_blank\" rel=\"noreferrer noopener\">Guia de instala\u00e7\u00e3o do NGD<\/a><\/p>\n<\/div>\n\n\n\n<p class=\"has-text-align-center\"><br><\/p>\n<\/div>\n<\/div><\/div>\n<\/div><\/div>\n\n\n<style>.wp-block-kadence-spacer.kt-block-spacer-2063_291574-68 .kt-block-spacer{height:80px;}.wp-block-kadence-spacer.kt-block-spacer-2063_291574-68 .kt-divider{border-top-width:1px;height:1px;border-top-color:#eee;width:80%;border-top-style:solid;}<\/style>\n<div class=\"wp-block-kadence-spacer aligncenter kt-block-spacer-2063_291574-68\"><div class=\"kt-block-spacer kt-block-spacer-halign-center\"><hr class=\"kt-divider\"\/><\/div><\/div>\n\n\n<style>.wp-block-kadence-advancedbtn.kb-btns2063_969993-58{gap:var(--global-kb-gap-xs, 0.5rem );justify-content:center;align-items:center;}.kt-btns2063_969993-58 .kt-button{font-weight:normal;font-style:normal;}<\/style>\n<div class=\"wp-block-kadence-advancedbtn kb-buttons-wrap kb-btns2063_969993-58\"><style>ul.menu .wp-block-kadence-advancedbtn .kb-btn2063_0f3a80-a2.kb-button{width:initial;}<\/style><a class=\"kb-button kt-button button kb-btn2063_0f3a80-a2 kt-btn-size-small kt-btn-width-type-auto kb-btn-global-inherit  kt-btn-has-text-true kt-btn-has-svg-false  wp-block-button__link wp-block-kadence-singlebtn\" href=\"https:\/\/doc.bora-connect.com\/pt-pt\/arquivos-de-livros-de-texto\/\"><span class=\"kt-btn-inner-text\">Ver os arquivos<\/span><\/a><\/div>\n<\/div><\/div>\n\n<\/div><\/div>","protected":false},"excerpt":{"rendered":"<p>Manuais do utilizador Bora band Manual do utilizadorGuia R\u00e1pido do Utilizador Bora box Manual do utilizador para a liga\u00e7\u00e3o Bora connect for home appGuia R\u00e1pido Bora connect Manual do utilizador Bora connectGuia de Introdu\u00e7\u00e3o Bora NGD (Network Gateway Device) Manual do utilizador NGDGuia de instala\u00e7\u00e3o do NGD<\/p>\n","protected":false},"author":1,"featured_media":0,"parent":0,"menu_order":0,"comment_status":"closed","ping_status":"closed","template":"","meta":{"_kad_blocks_custom_css":"","_kad_blocks_head_custom_js":"","_kad_blocks_body_custom_js":"","_kad_blocks_footer_custom_js":"","_kad_post_transparent":"","_kad_post_title":"hide","_kad_post_layout":"","_kad_post_sidebar_id":"","_kad_post_content_style":"","_kad_post_vertical_padding":"","_kad_post_feature":"","_kad_post_feature_position":"","_kad_post_header":false,"_kad_post_footer":false,"_kad_post_classname":"","footnotes":""},"class_list":["post-2063","page","type-page","status-publish","hentry"],"taxonomy_info":[],"featured_image_src_large":false,"author_info":{"display_name":"david.manson.contact@gmail.com","author_link":"https:\/\/doc.bora-connect.com\/pt-pt\/author\/david-manson-contactgmail-com\/"},"comment_info":"","_links":{"self":[{"href":"https:\/\/doc.bora-connect.com\/pt-pt\/wp-json\/wp\/v2\/pages\/2063","targetHints":{"allow":["GET"]}}],"collection":[{"href":"https:\/\/doc.bora-connect.com\/pt-pt\/wp-json\/wp\/v2\/pages"}],"about":[{"href":"https:\/\/doc.bora-connect.com\/pt-pt\/wp-json\/wp\/v2\/types\/page"}],"author":[{"embeddable":true,"href":"https:\/\/doc.bora-connect.com\/pt-pt\/wp-json\/wp\/v2\/users\/1"}],"replies":[{"embeddable":true,"href":"https:\/\/doc.bora-connect.com\/pt-pt\/wp-json\/wp\/v2\/comments?post=2063"}],"version-history":[{"count":23,"href":"https:\/\/doc.bora-connect.com\/pt-pt\/wp-json\/wp\/v2\/pages\/2063\/revisions"}],"predecessor-version":[{"id":4249,"href":"https:\/\/doc.bora-connect.com\/pt-pt\/wp-json\/wp\/v2\/pages\/2063\/revisions\/4249"}],"wp:attachment":[{"href":"https:\/\/doc.bora-connect.com\/pt-pt\/wp-json\/wp\/v2\/media?parent=2063"}],"curies":[{"name":"wp","href":"https:\/\/api.w.org\/{rel}","templated":true}]}}